{"id":64,"date":"2022-04-14T23:58:25","date_gmt":"2022-04-14T20:58:25","guid":{"rendered":"http:\/\/goncaloji.com\/?page_id=64"},"modified":"2026-01-06T18:13:09","modified_gmt":"2026-01-06T15:13:09","slug":"merhaba-de","status":"publish","type":"page","link":"https:\/\/goncakalabalik.com\/en\/merhaba-de\/","title":{"rendered":"Meet With Yourself!"},"content":{"rendered":"<p><strong><em>Take responsibility for your life,<\/em><\/strong><\/p>\n\n\n\n<p><strong><em>Claim your power,<\/em><\/strong><\/p>\n\n\n\n<p><strong><em>Know yourself, accept yourself,<\/em><\/strong><\/p>\n\n\n\n<p><strong><em>Take a deep breath with the wind at your back,<\/em><\/strong><\/p>\n\n\n\n<p><strong><em>And set out to discover your soul's gifts!<\/em><\/strong><\/p>\n\n\n\n<p><strong><em>IF YOU KNEW YOUR SOUL, IT WOULD BE IMPOSSIBLE NOT TO LOVE YOURSELF!<\/em><\/strong><\/p>\n\n\n\n<p>Say \"Hello\" for a consultation!<\/p>\n\n\n\n<div style=\"height:32px\" aria-hidden=\"true\" class=\"wp-block-spacer desktop-only\"><\/div>\n\n\n\n<div class=\"wp-block-columns alignwide has-2-columns is-layout-flex wp-container-core-columns-is-layout-28f84493 wp-block-columns-is-layout-flex\">\n<div class=\"wp-block-column is-layout-flow wp-block-column-is-layout-flow\">\n<h2 class=\"wp-block-heading has-text-align-left has-medium-font-size\">Contact:<\/h2>\n\n\n\n<div class=\"wp-block-jetpack-contact-info\">\ngoncakalabalik@gmail.com\n\n\n<\/div>\n<\/div>\n\n\n\n<div class=\"wp-block-column is-layout-flow wp-block-column-is-layout-flow\">\n<h2 class=\"wp-block-heading has-text-align-left has-medium-font-size\">Send a Message<\/h2>\n\n\n<div class=\"wp-block-jetpack-contact-form is-layout-flex wp-container-jetpack-contact-form-is-layout-2b4208ba wp-block-jetpack-contact-form-is-layout-flex\"><a href=\"https:\/\/goncakalabalik.com\/en\/merhaba-de\/\" target=\"_blank\" rel=\"noopener noreferrer\">Submit a form.<\/a><\/div><\/div>\n<\/div>","protected":false},"excerpt":{"rendered":"<p>Hayat\u0131n\u0131n sorumlulu\u011funu eline al, G\u00fcc\u00fcn\u00fc eline al, Kendini tan\u0131, kendini kabul et, R\u00fczg\u00e2r\u0131 arkana al derin bir nefesle, Ruhunun hediyelerini ke\u015ffe \u00e7\u0131k! RUHUNU TANISAN, KEND\u0130N\u0130 SEVMEMEN M\u00dcMK\u00dcN DE\u011e\u0130L! Dan\u0131\u015fmanl\u0131k i\u00e7in Merhaba! de! \u0130leti\u015fime Ge\u00e7 Mesaj G\u00f6nder<\/p>","protected":false},"author":170970431,"featured_media":0,"parent":0,"menu_order":0,"comment_status":"closed","ping_status":"closed","template":"","meta":{"_coblocks_attr":"","_coblocks_dimensions":"","_coblocks_responsive_height":"","_coblocks_accordion_ie_support":"","advanced_seo_description":"","jetpack_seo_html_title":"","jetpack_seo_noindex":false,"jetpack_post_was_ever_published":false,"footnotes":""},"class_list":["post-64","page","type-page","status-publish","hentry"],"jetpack_likes_enabled":true,"jetpack_sharing_enabled":true,"jetpack_shortlink":"https:\/\/wp.me\/PbxGXo-12","jetpack-related-posts":[{"id":28,"url":"https:\/\/goncakalabalik.com\/en\/benim-yolculugum\/","url_meta":{"origin":64,"position":0},"title":"Meet With Me","author":"GONCA KALABALIK","date":"14 April 2022","format":false,"excerpt":"Merhaba ben Gonca! Sana sadece bir s\u00f6z\u00fcm var: Ruhunu tan\u0131rsan kendini sevmemen m\u00fcmk\u00fcn de\u011fil, Kendini seversen d\u00f6n\u00fc\u015f\u00fcp \u015fifa da\u011f\u0131tmaman m\u00fcmk\u00fcn de\u011fil. \u0130nsan ruhunun derin yolculu\u011funa adanm\u0131\u015f bir rehberim. Psikoloji e\u011fitimim, 2009 y\u0131l\u0131ndan bu yana s\u00fcrd\u00fcrd\u00fc\u011f\u00fcm yoga, meditasyon ve i\u00e7sel d\u00f6n\u00fc\u015f\u00fcm pratiklerimle birle\u015ferek, bana hem zihinsel hem de ruhsal d\u00fczeyde \u00e7ok\u2026","rel":"","context":"In \"astroloji\"","block_context":{"text":"astroloji","link":"https:\/\/goncakalabalik.com\/en\/tag\/astroloji\/"},"img":{"alt_text":"","src":"https:\/\/i0.wp.com\/goncakalabalik.com\/wp-content\/uploads\/2022\/04\/gonca-web.jpg?resize=350%2C200&ssl=1","width":350,"height":200,"srcset":"https:\/\/i0.wp.com\/goncakalabalik.com\/wp-content\/uploads\/2022\/04\/gonca-web.jpg?resize=350%2C200&ssl=1 1x, https:\/\/i0.wp.com\/goncakalabalik.com\/wp-content\/uploads\/2022\/04\/gonca-web.jpg?resize=525%2C300&ssl=1 1.5x, https:\/\/i0.wp.com\/goncakalabalik.com\/wp-content\/uploads\/2022\/04\/gonca-web.jpg?resize=700%2C400&ssl=1 2x, https:\/\/i0.wp.com\/goncakalabalik.com\/wp-content\/uploads\/2022\/04\/gonca-web.jpg?resize=1050%2C600&ssl=1 3x, https:\/\/i0.wp.com\/goncakalabalik.com\/wp-content\/uploads\/2022\/04\/gonca-web.jpg?resize=1400%2C800&ssl=1 4x"},"classes":[]},{"id":61,"url":"https:\/\/goncakalabalik.com\/en\/neden-evrimsel-astroloji\/","url_meta":{"origin":64,"position":1},"title":"Evolutionary Astrology","author":"GONCA KALABALIK","date":"14 April 2022","format":false,"excerpt":"K\u0130MLERLE \u00c7ALI\u015eIYORUM? Kendine do\u011fru \u00e7\u0131kt\u0131\u011f\u0131n yolculukta ya\u015fam yolunla ilgili daha derin bir anlay\u0131\u015f geli\u015ftirmek istersen dan\u0131\u015fmanl\u0131k veriyorum. Evrimsel astroloji sana \u00f6zel, senin ruhunun yolu \u00fczerinden rehberlik ederken; psikoloji, terap\u00f6tik ili\u015fki, derin dinleme, yoga, b\u00fct\u00fcnle\u015fme ve beslenme ili\u015fkisi \u00fczerinden benim harmanlad\u0131\u011f\u0131m bir sistemle dan\u0131\u015fmanl\u0131k veriyorum. Hayata dair \u201cneden\u201dlerini, nereye gitmeliyim sorular\u0131n\u0131,\u2026","rel":"","context":"Similar post","block_context":{"text":"Similar post","link":""},"img":{"alt_text":"","src":"https:\/\/i0.wp.com\/goncakalabalik.com\/wp-content\/uploads\/2022\/04\/gonca-logo-final.png?resize=350%2C200&ssl=1","width":350,"height":200,"srcset":"https:\/\/i0.wp.com\/goncakalabalik.com\/wp-content\/uploads\/2022\/04\/gonca-logo-final.png?resize=350%2C200&ssl=1 1x, https:\/\/i0.wp.com\/goncakalabalik.com\/wp-content\/uploads\/2022\/04\/gonca-logo-final.png?resize=525%2C300&ssl=1 1.5x, https:\/\/i0.wp.com\/goncakalabalik.com\/wp-content\/uploads\/2022\/04\/gonca-logo-final.png?resize=700%2C400&ssl=1 2x, https:\/\/i0.wp.com\/goncakalabalik.com\/wp-content\/uploads\/2022\/04\/gonca-logo-final.png?resize=1050%2C600&ssl=1 3x, https:\/\/i0.wp.com\/goncakalabalik.com\/wp-content\/uploads\/2022\/04\/gonca-logo-final.png?resize=1400%2C800&ssl=1 4x"},"classes":[]},{"id":495,"url":"https:\/\/goncakalabalik.com\/en\/neden-benimle-danismanlik\/","url_meta":{"origin":64,"position":2},"title":"WHY WALK THIS PATH WITH ME?","author":"GONCA KALABALIK","date":"16 November 2025","format":false,"excerpt":"Evrimsel Astroloji Nedir? \u00a0\"Ruhun As\u0131l Y\u00f6n\u00fcn\u00fc Hat\u0131rlama Bilgeli\u011fi\" Evrimsel astroloji, sana gelece\u011fi s\u00f6ylemez. Ruhunun nereden geldi\u011fini, \u015fimdi neden tam burada oldu\u011funu ve bu hayatta hangi kap\u0131lar\u0131 i\u00e7sel bir olgunlukla a\u00e7abilece\u011fini hat\u0131rlat\u0131r. Bu yol, \u201cbilmek i\u00e7in\u201d de\u011fil, kendinle yeniden ba\u011f kurmak ve varolu\u015funu onurland\u0131rmak i\u00e7indir. Herkes \u0130\u00e7in De\u011fil \u2013 Haz\u0131r Olan\u2026","rel":"","context":"Similar post","block_context":{"text":"Similar post","link":""},"img":{"alt_text":"","src":"","width":0,"height":0},"classes":[]},{"id":32,"url":"https:\/\/goncakalabalik.com\/en\/etkinlikler\/","url_meta":{"origin":64,"position":3},"title":"WORKSHOPS AND TRAININGS","author":"GONCA KALABALIK","date":"14 April 2022","format":false,"excerpt":"Evrimsel Astroloji E\u011fitimi Gelece\u011fi tahmin etmeye \u00e7al\u0131\u015fm\u0131yoruz, gelece\u011fi yarat\u0131yoruz!\u201d Tekam\u00fcl d\u00f6ng\u00fclerimizi ara\u015ft\u0131rmak i\u00e7in Astrolojiyi kullanmak b\u00fcy\u00fcme ve geli\u015fme yolumuzda bize ger\u00e7ek bir kolayl\u0131k sa\u011fl\u0131yor. Ruhun; \u00f6lmez ve de\u011fi\u015fmez bilincin, bu hayata bir ama\u00e7la, bir anlat\u0131yla geldi. Her ruh e\u015fsiz ve biricik ve buraya ta\u015f\u0131d\u0131\u011f\u0131n bir hediye var. Potansiyellerini parlatmas\u0131n\u0131, travmas\u0131n\u0131\u2026","rel":"","context":"In &quot;Genel&quot;","block_context":{"text":"Genel","link":"https:\/\/goncakalabalik.com\/en\/category\/genel\/"},"img":{"alt_text":"","src":"https:\/\/i0.wp.com\/goncakalabalik.com\/wp-content\/uploads\/2021\/01\/img_20201013_092009_168.jpg?resize=350%2C200&ssl=1","width":350,"height":200,"srcset":"https:\/\/i0.wp.com\/goncakalabalik.com\/wp-content\/uploads\/2021\/01\/img_20201013_092009_168.jpg?resize=350%2C200&ssl=1 1x, https:\/\/i0.wp.com\/goncakalabalik.com\/wp-content\/uploads\/2021\/01\/img_20201013_092009_168.jpg?resize=525%2C300&ssl=1 1.5x, https:\/\/i0.wp.com\/goncakalabalik.com\/wp-content\/uploads\/2021\/01\/img_20201013_092009_168.jpg?resize=700%2C400&ssl=1 2x"},"classes":[]},{"id":177,"url":"https:\/\/goncakalabalik.com\/en\/sizden-gelenler-2\/","url_meta":{"origin":64,"position":4},"title":"MEET THE TRANSFORMED","author":"GONCA KALABALIK","date":"14 April 2022","format":false,"excerpt":"Kalbini a\u00e7mak, bir di\u011ferini yoluna ortak etmek \u00e7ok de\u011ferli bir \u00e7aba, beni bu yolculu\u011fa ortak etti\u011finiz i\u00e7in onur duyuyorum. Bir insan \u015fifalan\u0131rsa, d\u00fcnya \u015fifalan\u0131r. Beraber b\u00fcy\u00fcd\u00fc\u011f\u00fcm\u00fcz, beraber \u00f6\u011frendi\u011fimiz ve beraber \u015fifaland\u0131\u011f\u0131m\u0131z i\u00e7in \u015f\u00fckranlar\u0131m\u0131 sunar\u0131m. \u00a0 L.Y. \u00d6ncelikle sizinle seans yapmak ger\u00e7ekten keyifliydi.O kadar yak\u0131n ve kalpten bir \u00e7al\u0131\u015fmayd\u0131 ki, bir\u2026","rel":"","context":"Similar post","block_context":{"text":"Similar post","link":""},"img":{"alt_text":"","src":"https:\/\/i0.wp.com\/goncakalabalik.com\/wp-content\/uploads\/2020\/05\/galaxy-2728187_1920.jpg?resize=350%2C200&ssl=1","width":350,"height":200,"srcset":"https:\/\/i0.wp.com\/goncakalabalik.com\/wp-content\/uploads\/2020\/05\/galaxy-2728187_1920.jpg?resize=350%2C200&ssl=1 1x, https:\/\/i0.wp.com\/goncakalabalik.com\/wp-content\/uploads\/2020\/05\/galaxy-2728187_1920.jpg?resize=525%2C300&ssl=1 1.5x, https:\/\/i0.wp.com\/goncakalabalik.com\/wp-content\/uploads\/2020\/05\/galaxy-2728187_1920.jpg?resize=700%2C400&ssl=1 2x, https:\/\/i0.wp.com\/goncakalabalik.com\/wp-content\/uploads\/2020\/05\/galaxy-2728187_1920.jpg?resize=1050%2C600&ssl=1 3x, https:\/\/i0.wp.com\/goncakalabalik.com\/wp-content\/uploads\/2020\/05\/galaxy-2728187_1920.jpg?resize=1400%2C800&ssl=1 4x"},"classes":[]}],"_links":{"self":[{"href":"https:\/\/goncakalabalik.com\/en\/wp-json\/wp\/v2\/pages\/64","targetHints":{"allow":["GET"]}}],"collection":[{"href":"https:\/\/goncakalabalik.com\/en\/wp-json\/wp\/v2\/pages"}],"about":[{"href":"https:\/\/goncakalabalik.com\/en\/wp-json\/wp\/v2\/types\/page"}],"author":[{"embeddable":true,"href":"https:\/\/goncakalabalik.com\/en\/wp-json\/wp\/v2\/users\/170970431"}],"replies":[{"embeddable":true,"href":"https:\/\/goncakalabalik.com\/en\/wp-json\/wp\/v2\/comments?post=64"}],"version-history":[{"count":9,"href":"https:\/\/goncakalabalik.com\/en\/wp-json\/wp\/v2\/pages\/64\/revisions"}],"predecessor-version":[{"id":839,"href":"https:\/\/goncakalabalik.com\/en\/wp-json\/wp\/v2\/pages\/64\/revisions\/839"}],"wp:attachment":[{"href":"https:\/\/goncakalabalik.com\/en\/wp-json\/wp\/v2\/media?parent=64"}],"curies":[{"name":"wp","href":"https:\/\/api.w.org\/{rel}","templated":true}]}}